{"id":92,"date":"2022-11-17T17:40:48","date_gmt":"2022-11-17T17:40:48","guid":{"rendered":"https:\/\/www.speciamerica.org\/?page_id=92"},"modified":"2022-12-10T07:38:32","modified_gmt":"2022-12-10T07:38:32","slug":"what-our-partners-say","status":"publish","type":"page","link":"https:\/\/www.speciamerica.org\/fr\/what-our-partners-say\/","title":{"rendered":"What our Partners say"},"content":{"rendered":"<div data-elementor-type=\"wp-page\" data-elementor-id=\"92\" class=\"elementor elementor-92\">\n\t\t\t\t\t\t<section class=\"elementor-section elementor-top-section elementor-element elementor-element-4489d58 elementor-section-boxed elementor-section-height-default elementor-section-height-default\" data-id=\"4489d58\" data-element_type=\"section\">\n\t\t\t\t\t\t<div class=\"elementor-container elementor-column-gap-default\">\n\t\t\t\t\t<div class=\"elementor-column elementor-col-100 elementor-top-column elementor-element elementor-element-76dbe50\" data-id=\"76dbe50\" data-element_type=\"column\">\n\t\t\t<div class=\"elementor-widget-wrap elementor-element-populated\">\n\t\t\t\t\t\t<section class=\"elementor-section elementor-inner-section elementor-element elementor-element-63cc5a3 animated-slow elementor-section-boxed elementor-section-height-default elementor-section-height-default elementor-invisible\" data-id=\"63cc5a3\" data-element_type=\"section\" data-settings=\"{&quot;animation&quot;:&quot;slideInRight&quot;,&quot;animation_delay&quot;:200}\">\n\t\t\t\t\t\t<div class=\"elementor-container elementor-column-gap-default\">\n\t\t\t\t\t<div class=\"elementor-column elementor-col-50 elementor-inner-column elementor-element elementor-element-3f709e0\" data-id=\"3f709e0\" data-element_type=\"column\">\n\t\t\t<div class=\"elementor-widget-wrap elementor-element-populated\">\n\t\t\t\t\t\t<div class=\"elementor-element elementor-element-db9acd4 elementor-widget elementor-widget-image\" data-id=\"db9acd4\" data-element_type=\"widget\" data-widget_type=\"image.default\">\n\t\t\t\t<div class=\"elementor-widget-container\">\n\t\t\t<style>\/*! elementor - v3.19.0 - 28-02-2024 *\/\n.elementor-widget-image{text-align:center}.elementor-widget-image a{display:inline-block}.elementor-widget-image a img[src$=\".svg\"]{width:48px}.elementor-widget-image img{vertical-align:middle;display:inline-block}<\/style>\t\t\t\t\t\t\t\t\t\t<img fetchpriority=\"high\" decoding=\"async\" width=\"307\" height=\"268\" src=\"https:\/\/www.speciamerica.org\/wp-content\/uploads\/2022\/12\/orascom-logo.png\" class=\"attachment-large size-large wp-image-807\" alt=\"\" srcset=\"https:\/\/www.speciamerica.org\/wp-content\/uploads\/2022\/12\/orascom-logo.png 307w, https:\/\/www.speciamerica.org\/wp-content\/uploads\/2022\/12\/orascom-logo-300x262.png 300w, https:\/\/www.speciamerica.org\/wp-content\/uploads\/2022\/12\/orascom-logo-14x12.png 14w\" sizes=\"(max-width: 307px) 100vw, 307px\" \/>\t\t\t\t\t\t\t\t\t\t\t\t\t<\/div>\n\t\t\t\t<\/div>\n\t\t\t\t\t<\/div>\n\t\t<\/div>\n\t\t\t\t<div class=\"elementor-column elementor-col-50 elementor-inner-column elementor-element elementor-element-7e0ca48\" data-id=\"7e0ca48\" data-element_type=\"column\">\n\t\t\t<div class=\"elementor-widget-wrap elementor-element-populated\">\n\t\t\t\t\t\t<div class=\"elementor-element elementor-element-59eb894 elementor-widget elementor-widget-text-editor\" data-id=\"59eb894\" data-element_type=\"widget\" data-widget_type=\"text-editor.default\">\n\t\t\t\t<div class=\"elementor-widget-container\">\n\t\t\t<style>\/*! elementor - v3.19.0 - 28-02-2024 *\/\n.elementor-widget-text-editor.elementor-drop-cap-view-stacked .elementor-drop-cap{background-color:#69727d;color:#fff}.elementor-widget-text-editor.elementor-drop-cap-view-framed .elementor-drop-cap{color:#69727d;border:3px solid;background-color:transparent}.elementor-widget-text-editor:not(.elementor-drop-cap-view-default) .elementor-drop-cap{margin-top:8px}.elementor-widget-text-editor:not(.elementor-drop-cap-view-default) .elementor-drop-cap-letter{width:1em;height:1em}.elementor-widget-text-editor .elementor-drop-cap{float:left;text-align:center;line-height:1;font-size:50px}.elementor-widget-text-editor .elementor-drop-cap-letter{display:inline-block}<\/style>\t\t\t\t<p>\u201cLast November I had the privilege to attend C\u00f4te d\u2019Ivoire\u2019s SPECI Business Investment forum hosted by the Honorable Inza Camara. Specifically, organizations from the United States, Mexico and Canada were invited to meet Government Officials to learn of the diverse economic opportunities for investment and collaboration. The plans presented showed the depth of commitment on behalf of the country\u2019s leadership to move forward with respect to major infrastructure, telecommunication and housing projects. We were given individual opportunities to meet with Government Executives to discuss capabilities as well as learn of specific development projects. The Ambassador\u2019s team made the trip a memorable experience; their dedication to ensuring we had resources as well as seeing this beautiful country was unparalleled.\u201d<\/p>\t\t\t\t\t\t<\/div>\n\t\t\t\t<\/div>\n\t\t\t\t\t<\/div>\n\t\t<\/div>\n\t\t\t\t\t<\/div>\n\t\t<\/section>\n\t\t\t\t<section class=\"elementor-section elementor-inner-section elementor-element elementor-element-8683b25 animated-slow elementor-section-boxed elementor-section-height-default elementor-section-height-default elementor-invisible\" data-id=\"8683b25\" data-element_type=\"section\" data-settings=\"{&quot;background_background&quot;:&quot;gradient&quot;,&quot;animation&quot;:&quot;slideInLeft&quot;,&quot;animation_delay&quot;:200}\">\n\t\t\t\t\t\t<div class=\"elementor-container elementor-column-gap-default\">\n\t\t\t\t\t<div class=\"elementor-column elementor-col-50 elementor-inner-column elementor-element elementor-element-dfb3760\" data-id=\"dfb3760\" data-element_type=\"column\">\n\t\t\t<div class=\"elementor-widget-wrap elementor-element-populated\">\n\t\t\t\t\t\t<div class=\"elementor-element elementor-element-c3c4be6 elementor-widget elementor-widget-text-editor\" data-id=\"c3c4be6\" data-element_type=\"widget\" data-widget_type=\"text-editor.default\">\n\t\t\t\t<div class=\"elementor-widget-container\">\n\t\t\t\t\t\t\t<p>We would like to express our deepest appreciation to H.E the Ambassador Inza Camara and its entire team for providing, above and beyond our expectations, the care and support we needed to introduce and execute a memorandum of understanding with the selected officials of the Ivory Coast government. While the process seamed seamless, upon completion we were able to appreciate all the challenges that were mitigate with the support of the SPECI.<\/p>\t\t\t\t\t\t<\/div>\n\t\t\t\t<\/div>\n\t\t\t\t\t<\/div>\n\t\t<\/div>\n\t\t\t\t<div class=\"elementor-column elementor-col-50 elementor-inner-column elementor-element elementor-element-2f6a676\" data-id=\"2f6a676\" data-element_type=\"column\">\n\t\t\t<div class=\"elementor-widget-wrap elementor-element-populated\">\n\t\t\t\t\t\t<div class=\"elementor-element elementor-element-5c92b77 elementor-widget elementor-widget-image\" data-id=\"5c92b77\" data-element_type=\"widget\" data-widget_type=\"image.default\">\n\t\t\t\t<div class=\"elementor-widget-container\">\n\t\t\t\t\t\t\t\t\t\t\t\t\t<img decoding=\"async\" width=\"369\" height=\"179\" src=\"https:\/\/www.speciamerica.org\/wp-content\/uploads\/2022\/12\/Khouri-Group-Companies-1.png\" class=\"attachment-large size-large wp-image-806\" alt=\"\" srcset=\"https:\/\/www.speciamerica.org\/wp-content\/uploads\/2022\/12\/Khouri-Group-Companies-1.png 369w, https:\/\/www.speciamerica.org\/wp-content\/uploads\/2022\/12\/Khouri-Group-Companies-1-300x146.png 300w, https:\/\/www.speciamerica.org\/wp-content\/uploads\/2022\/12\/Khouri-Group-Companies-1-18x9.png 18w\" sizes=\"(max-width: 369px) 100vw, 369px\" \/>\t\t\t\t\t\t\t\t\t\t\t\t\t<\/div>\n\t\t\t\t<\/div>\n\t\t\t\t\t<\/div>\n\t\t<\/div>\n\t\t\t\t\t<\/div>\n\t\t<\/section>\n\t\t\t\t<section class=\"elementor-section elementor-inner-section elementor-element elementor-element-5cb2531 animated-slow elementor-section-boxed elementor-section-height-default elementor-section-height-default elementor-invisible\" data-id=\"5cb2531\" data-element_type=\"section\" data-settings=\"{&quot;animation&quot;:&quot;slideInRight&quot;,&quot;animation_delay&quot;:200}\">\n\t\t\t\t\t\t<div class=\"elementor-container elementor-column-gap-default\">\n\t\t\t\t\t<div class=\"elementor-column elementor-col-50 elementor-inner-column elementor-element elementor-element-8545ba5\" data-id=\"8545ba5\" data-element_type=\"column\">\n\t\t\t<div class=\"elementor-widget-wrap elementor-element-populated\">\n\t\t\t\t\t\t<div class=\"elementor-element elementor-element-94a5f00 elementor-widget elementor-widget-image\" data-id=\"94a5f00\" data-element_type=\"widget\" data-widget_type=\"image.default\">\n\t\t\t\t<div class=\"elementor-widget-container\">\n\t\t\t\t\t\t\t\t\t\t\t\t\t<img decoding=\"async\" width=\"302\" height=\"200\" src=\"https:\/\/www.speciamerica.org\/wp-content\/uploads\/2022\/12\/GIS-iNTERNATIONAL-LOGO.jpg\" class=\"attachment-large size-large wp-image-805\" alt=\"\" srcset=\"https:\/\/www.speciamerica.org\/wp-content\/uploads\/2022\/12\/GIS-iNTERNATIONAL-LOGO.jpg 302w, https:\/\/www.speciamerica.org\/wp-content\/uploads\/2022\/12\/GIS-iNTERNATIONAL-LOGO-300x199.jpg 300w, https:\/\/www.speciamerica.org\/wp-content\/uploads\/2022\/12\/GIS-iNTERNATIONAL-LOGO-18x12.jpg 18w\" sizes=\"(max-width: 302px) 100vw, 302px\" \/>\t\t\t\t\t\t\t\t\t\t\t\t\t<\/div>\n\t\t\t\t<\/div>\n\t\t\t\t\t<\/div>\n\t\t<\/div>\n\t\t\t\t<div class=\"elementor-column elementor-col-50 elementor-inner-column elementor-element elementor-element-b6177b0\" data-id=\"b6177b0\" data-element_type=\"column\">\n\t\t\t<div class=\"elementor-widget-wrap elementor-element-populated\">\n\t\t\t\t\t\t<div class=\"elementor-element elementor-element-236b39f elementor-widget elementor-widget-text-editor\" data-id=\"236b39f\" data-element_type=\"widget\" data-widget_type=\"text-editor.default\">\n\t\t\t\t<div class=\"elementor-widget-container\">\n\t\t\t\t\t\t\t<p>\u00a0le SPECI est une structure importante de la diaspora. Il regorge de ressource notamment avec une \u00e9quipe jeune et dynamique. Gr\u00e2ce \u00e0 leur effort nous avons pu signer un M.O.U<\/p>\t\t\t\t\t\t<\/div>\n\t\t\t\t<\/div>\n\t\t\t\t\t<\/div>\n\t\t<\/div>\n\t\t\t\t\t<\/div>\n\t\t<\/section>\n\t\t\t\t\t<\/div>\n\t\t<\/div>\n\t\t\t\t\t<\/div>\n\t\t<\/section>\n\t\t\t\t<\/div>","protected":false},"excerpt":{"rendered":"<p>\u201cLast November I had the privilege to attend C\u00f4te d\u2019Ivoire\u2019s SPECI Business Investment forum hosted by the Honorable Inza Camara. Specifically, organizations from the United States, Mexico and Canada were invited to meet Government Officials to learn of the diverse economic opportunities for investment and collaboration. The plans presented showed the depth of commitment on [&hellip;]<\/p>","protected":false},"author":1,"featured_media":0,"parent":0,"menu_order":0,"comment_status":"closed","ping_status":"closed","template":"","meta":{"footnotes":""},"_links":{"self":[{"href":"https:\/\/www.speciamerica.org\/fr\/wp-json\/wp\/v2\/pages\/92"}],"collection":[{"href":"https:\/\/www.speciamerica.org\/fr\/wp-json\/wp\/v2\/pages"}],"about":[{"href":"https:\/\/www.speciamerica.org\/fr\/wp-json\/wp\/v2\/types\/page"}],"author":[{"embeddable":true,"href":"https:\/\/www.speciamerica.org\/fr\/wp-json\/wp\/v2\/users\/1"}],"replies":[{"embeddable":true,"href":"https:\/\/www.speciamerica.org\/fr\/wp-json\/wp\/v2\/comments?post=92"}],"version-history":[{"count":22,"href":"https:\/\/www.speciamerica.org\/fr\/wp-json\/wp\/v2\/pages\/92\/revisions"}],"predecessor-version":[{"id":829,"href":"https:\/\/www.speciamerica.org\/fr\/wp-json\/wp\/v2\/pages\/92\/revisions\/829"}],"wp:attachment":[{"href":"https:\/\/www.speciamerica.org\/fr\/wp-json\/wp\/v2\/media?parent=92"}],"curies":[{"name":"wp","href":"https:\/\/api.w.org\/{rel}","templated":true}]}}