{"id":89,"date":"2022-11-17T17:39:27","date_gmt":"2022-11-17T17:39:27","guid":{"rendered":"https:\/\/www.speciamerica.org\/?page_id=89"},"modified":"2022-12-10T09:46:55","modified_gmt":"2022-12-10T09:46:55","slug":"agoa","status":"publish","type":"page","link":"https:\/\/www.speciamerica.org\/fr\/agoa\/","title":{"rendered":"AGOA"},"content":{"rendered":"<div data-elementor-type=\"wp-page\" data-elementor-id=\"89\" class=\"elementor elementor-89\">\n\t\t\t\t\t\t<section class=\"elementor-section elementor-top-section elementor-element elementor-element-4dda7ad elementor-section-full_width elementor-section-height-default elementor-section-height-default\" data-id=\"4dda7ad\" data-element_type=\"section\">\n\t\t\t\t\t\t<div class=\"elementor-container elementor-column-gap-default\">\n\t\t\t\t\t<div class=\"elementor-column elementor-col-100 elementor-top-column elementor-element elementor-element-6209a79\" data-id=\"6209a79\" data-element_type=\"column\">\n\t\t\t<div class=\"elementor-widget-wrap elementor-element-populated\">\n\t\t\t\t\t\t<div class=\"elementor-element elementor-element-b466174 elementor-widget elementor-widget-image\" data-id=\"b466174\" data-element_type=\"widget\" data-widget_type=\"image.default\">\n\t\t\t\t<div class=\"elementor-widget-container\">\n\t\t\t<style>\/*! elementor - v3.19.0 - 28-02-2024 *\/\n.elementor-widget-image{text-align:center}.elementor-widget-image a{display:inline-block}.elementor-widget-image a img[src$=\".svg\"]{width:48px}.elementor-widget-image img{vertical-align:middle;display:inline-block}<\/style>\t\t\t\t\t\t\t\t\t\t<img fetchpriority=\"high\" decoding=\"async\" width=\"750\" height=\"450\" src=\"https:\/\/www.speciamerica.org\/wp-content\/uploads\/2022\/12\/Agoa.png\" class=\"attachment-medium_large size-medium_large wp-image-895\" alt=\"\" srcset=\"https:\/\/www.speciamerica.org\/wp-content\/uploads\/2022\/12\/Agoa.png 750w, https:\/\/www.speciamerica.org\/wp-content\/uploads\/2022\/12\/Agoa-300x180.png 300w, https:\/\/www.speciamerica.org\/wp-content\/uploads\/2022\/12\/Agoa-18x12.png 18w\" sizes=\"(max-width: 750px) 100vw, 750px\" \/>\t\t\t\t\t\t\t\t\t\t\t\t\t<\/div>\n\t\t\t\t<\/div>\n\t\t\t\t\t<\/div>\n\t\t<\/div>\n\t\t\t\t\t<\/div>\n\t\t<\/section>\n\t\t\t\t<section class=\"elementor-section elementor-top-section elementor-element elementor-element-a1f036e elementor-section-boxed elementor-section-height-default elementor-section-height-default\" data-id=\"a1f036e\" data-element_type=\"section\">\n\t\t\t\t\t\t<div class=\"elementor-container elementor-column-gap-default\">\n\t\t\t\t\t<div class=\"elementor-column elementor-col-100 elementor-top-column elementor-element elementor-element-76d49d4\" data-id=\"76d49d4\" data-element_type=\"column\">\n\t\t\t<div class=\"elementor-widget-wrap elementor-element-populated\">\n\t\t\t\t\t\t<section class=\"elementor-section elementor-inner-section elementor-element elementor-element-703e3d7 elementor-section-content-bottom elementor-section-boxed elementor-section-height-default elementor-section-height-default\" data-id=\"703e3d7\" data-element_type=\"section\">\n\t\t\t\t\t\t<div class=\"elementor-container elementor-column-gap-default\">\n\t\t\t\t\t<div class=\"elementor-column elementor-col-50 elementor-inner-column elementor-element elementor-element-57439ed\" data-id=\"57439ed\" data-element_type=\"column\">\n\t\t\t<div class=\"elementor-widget-wrap elementor-element-populated\">\n\t\t\t\t\t\t<div class=\"elementor-element elementor-element-1b22731 elementor-widget elementor-widget-text-editor\" data-id=\"1b22731\" data-element_type=\"widget\" data-widget_type=\"text-editor.default\">\n\t\t\t\t<div class=\"elementor-widget-container\">\n\t\t\t<style>\/*! elementor - v3.19.0 - 28-02-2024 *\/\n.elementor-widget-text-editor.elementor-drop-cap-view-stacked .elementor-drop-cap{background-color:#69727d;color:#fff}.elementor-widget-text-editor.elementor-drop-cap-view-framed .elementor-drop-cap{color:#69727d;border:3px solid;background-color:transparent}.elementor-widget-text-editor:not(.elementor-drop-cap-view-default) .elementor-drop-cap{margin-top:8px}.elementor-widget-text-editor:not(.elementor-drop-cap-view-default) .elementor-drop-cap-letter{width:1em;height:1em}.elementor-widget-text-editor .elementor-drop-cap{float:left;text-align:center;line-height:1;font-size:50px}.elementor-widget-text-editor .elementor-drop-cap-letter{display:inline-block}<\/style>\t\t\t\t<p>L\u2019AGOA \u00e0 savoir la loi sur le d\u00e9veloppement et les opportunit\u00e9s africaines, est un d\u00e9cret visant \u00e0 soutenir l&#8217;\u00e9conomie des pays africains en leur facilitant l&#8217;acc\u00e8s au march\u00e9 am\u00e9ricain si leur syst\u00e8me \u00e9conomique est conforme aux principes de l&#8217;\u00e9conomie lib\u00e9rale.<\/p><p>La C\u00f4te d\u2019Ivoire a fait son entr\u00e9e dans l\u2019AGOA en 2012 ; Dans ce cadre, elle a organis\u00e9 la 18eme \u00e9dition du Forum minist\u00e9riel de l\u2019African Growth Opportunities Act (AGOA).<\/p>\t\t\t\t\t\t<\/div>\n\t\t\t\t<\/div>\n\t\t\t\t\t<\/div>\n\t\t<\/div>\n\t\t\t\t<div class=\"elementor-column elementor-col-50 elementor-inner-column elementor-element elementor-element-4f38a41\" data-id=\"4f38a41\" data-element_type=\"column\">\n\t\t\t<div class=\"elementor-widget-wrap elementor-element-populated\">\n\t\t\t\t\t\t<div class=\"elementor-element elementor-element-cb724c9 elementor-widget elementor-widget-text-editor\" data-id=\"cb724c9\" data-element_type=\"widget\" data-widget_type=\"text-editor.default\">\n\t\t\t\t<div class=\"elementor-widget-container\">\n\t\t\t\t\t\t\t<p>Durant cet \u00e9v\u00e8nement, le gouvernement a exprim\u00e9 ses objectifs d\u2019accro\u00eetre ses exportations vers le march\u00e9 am\u00e9ricain en passant de 1 milliard de dollars (500 milliards de FCFA) \u00e0 3,5 milliards (1 750 milliards de FCFA) \u00e0 l\u2019horizon 2025.<\/p>\t\t\t\t\t\t<\/div>\n\t\t\t\t<\/div>\n\t\t\t\t<div class=\"elementor-element elementor-element-76121fc elementor-align-center elementor-widget elementor-widget-button\" data-id=\"76121fc\" data-element_type=\"widget\" data-widget_type=\"button.default\">\n\t\t\t\t<div class=\"elementor-widget-container\">\n\t\t\t\t\t<div class=\"elementor-button-wrapper\">\n\t\t\t<a class=\"elementor-button elementor-button-link elementor-size-sm\" href=\"https:\/\/agoa.info\/profiles\/ivory-coast.html\">\n\t\t\t\t\t\t<span class=\"elementor-button-content-wrapper\">\n\t\t\t\t\t\t<span class=\"elementor-button-text\">Ivory Coast - Agoa<\/span>\n\t\t<\/span>\n\t\t\t\t\t<\/a>\n\t\t<\/div>\n\t\t\t\t<\/div>\n\t\t\t\t<\/div>\n\t\t\t\t\t<\/div>\n\t\t<\/div>\n\t\t\t\t\t<\/div>\n\t\t<\/section>\n\t\t\t\t\t<\/div>\n\t\t<\/div>\n\t\t\t\t\t<\/div>\n\t\t<\/section>\n\t\t\t\t<\/div>","protected":false},"excerpt":{"rendered":"<p>L\u2019AGOA \u00e0 savoir la loi sur le d\u00e9veloppement et les opportunit\u00e9s africaines, est un d\u00e9cret visant \u00e0 soutenir l&#8217;\u00e9conomie des pays africains en leur facilitant l&#8217;acc\u00e8s au march\u00e9 am\u00e9ricain si leur syst\u00e8me \u00e9conomique est conforme aux principes de l&#8217;\u00e9conomie lib\u00e9rale. La C\u00f4te d\u2019Ivoire a fait son entr\u00e9e dans l\u2019AGOA en 2012 ; Dans ce cadre, [&hellip;]<\/p>","protected":false},"author":1,"featured_media":0,"parent":0,"menu_order":0,"comment_status":"closed","ping_status":"closed","template":"","meta":{"footnotes":""},"_links":{"self":[{"href":"https:\/\/www.speciamerica.org\/fr\/wp-json\/wp\/v2\/pages\/89"}],"collection":[{"href":"https:\/\/www.speciamerica.org\/fr\/wp-json\/wp\/v2\/pages"}],"about":[{"href":"https:\/\/www.speciamerica.org\/fr\/wp-json\/wp\/v2\/types\/page"}],"author":[{"embeddable":true,"href":"https:\/\/www.speciamerica.org\/fr\/wp-json\/wp\/v2\/users\/1"}],"replies":[{"embeddable":true,"href":"https:\/\/www.speciamerica.org\/fr\/wp-json\/wp\/v2\/comments?post=89"}],"version-history":[{"count":4,"href":"https:\/\/www.speciamerica.org\/fr\/wp-json\/wp\/v2\/pages\/89\/revisions"}],"predecessor-version":[{"id":898,"href":"https:\/\/www.speciamerica.org\/fr\/wp-json\/wp\/v2\/pages\/89\/revisions\/898"}],"wp:attachment":[{"href":"https:\/\/www.speciamerica.org\/fr\/wp-json\/wp\/v2\/media?parent=89"}],"curies":[{"name":"wp","href":"https:\/\/api.w.org\/{rel}","templated":true}]}}