{"id":69,"date":"2022-11-17T17:35:42","date_gmt":"2022-11-17T17:35:42","guid":{"rendered":"https:\/\/www.speciamerica.org\/?page_id=69"},"modified":"2022-12-04T15:14:26","modified_gmt":"2022-12-04T15:14:26","slug":"cepici","status":"publish","type":"page","link":"https:\/\/www.speciamerica.org\/fr\/cepici\/","title":{"rendered":"Le CEPICI"},"content":{"rendered":"<div data-elementor-type=\"wp-page\" data-elementor-id=\"69\" class=\"elementor elementor-69\">\n\t\t\t\t\t\t<section class=\"elementor-section elementor-top-section elementor-element elementor-element-9449c23 elementor-section-boxed elementor-section-height-default elementor-section-height-default\" data-id=\"9449c23\" data-element_type=\"section\">\n\t\t\t\t\t\t<div class=\"elementor-container elementor-column-gap-default\">\n\t\t\t\t\t<div class=\"elementor-column elementor-col-100 elementor-top-column elementor-element elementor-element-7da1650\" data-id=\"7da1650\" data-element_type=\"column\">\n\t\t\t<div class=\"elementor-widget-wrap elementor-element-populated\">\n\t\t\t\t\t\t\t<\/div>\n\t\t<\/div>\n\t\t\t\t\t<\/div>\n\t\t<\/section>\n\t\t\t\t<section class=\"elementor-section elementor-top-section elementor-element elementor-element-dc227dd elementor-section-boxed elementor-section-height-default elementor-section-height-default\" data-id=\"dc227dd\" data-element_type=\"section\">\n\t\t\t\t\t\t<div class=\"elementor-container elementor-column-gap-default\">\n\t\t\t\t\t<div class=\"elementor-column elementor-col-50 elementor-top-column elementor-element elementor-element-ed5363f\" data-id=\"ed5363f\" data-element_type=\"column\">\n\t\t\t<div class=\"elementor-widget-wrap elementor-element-populated\">\n\t\t\t\t\t\t<div class=\"elementor-element elementor-element-735d573 elementor-widget elementor-widget-heading\" data-id=\"735d573\" data-element_type=\"widget\" data-widget_type=\"heading.default\">\n\t\t\t\t<div class=\"elementor-widget-container\">\n\t\t\t<style>\/*! elementor - v3.19.0 - 28-02-2024 *\/\n.elementor-heading-title{padding:0;margin:0;line-height:1}.elementor-widget-heading .elementor-heading-title[class*=elementor-size-]>a{color:inherit;font-size:inherit;line-height:inherit}.elementor-widget-heading .elementor-heading-title.elementor-size-small{font-size:15px}.elementor-widget-heading .elementor-heading-title.elementor-size-medium{font-size:19px}.elementor-widget-heading .elementor-heading-title.elementor-size-large{font-size:29px}.elementor-widget-heading .elementor-heading-title.elementor-size-xl{font-size:39px}.elementor-widget-heading .elementor-heading-title.elementor-size-xxl{font-size:59px}<\/style><h2 class=\"elementor-heading-title elementor-size-default\">MISSIONS ET OBJECTIFS<\/h2>\t\t<\/div>\n\t\t\t\t<\/div>\n\t\t\t\t<div class=\"elementor-element elementor-element-a40a097 elementor-widget elementor-widget-text-editor\" data-id=\"a40a097\" data-element_type=\"widget\" data-widget_type=\"text-editor.default\">\n\t\t\t\t<div class=\"elementor-widget-container\">\n\t\t\t<style>\/*! elementor - v3.19.0 - 28-02-2024 *\/\n.elementor-widget-text-editor.elementor-drop-cap-view-stacked .elementor-drop-cap{background-color:#69727d;color:#fff}.elementor-widget-text-editor.elementor-drop-cap-view-framed .elementor-drop-cap{color:#69727d;border:3px solid;background-color:transparent}.elementor-widget-text-editor:not(.elementor-drop-cap-view-default) .elementor-drop-cap{margin-top:8px}.elementor-widget-text-editor:not(.elementor-drop-cap-view-default) .elementor-drop-cap-letter{width:1em;height:1em}.elementor-widget-text-editor .elementor-drop-cap{float:left;text-align:center;line-height:1;font-size:50px}.elementor-widget-text-editor .elementor-drop-cap-letter{display:inline-block}<\/style>\t\t\t\t<p>En tant que maison de l\u2019investisseur, le CEPICI est d\u2019abord un Centre d\u2019Accueil et d\u2019Information, charg\u00e9 de Collecter, de traiter, de produire et de diffuser \u00e0 travers les supports les plus appropri\u00e9s\nd\u2019information et \u00e9changes de donn\u00e9es, toute la documentation n\u00e9cessaire \u00e0 une meilleure connaissance, par les milieux d\u2019affaires, du produit C\u00f4te d\u2019Ivoire<\/p>\t\t\t\t\t\t<\/div>\n\t\t\t\t<\/div>\n\t\t\t\t\t<\/div>\n\t\t<\/div>\n\t\t\t\t<div class=\"elementor-column elementor-col-50 elementor-top-column elementor-element elementor-element-9bb39a1\" data-id=\"9bb39a1\" data-element_type=\"column\">\n\t\t\t<div class=\"elementor-widget-wrap elementor-element-populated\">\n\t\t\t\t\t\t<div class=\"elementor-element elementor-element-40f7802 elementor-widget elementor-widget-heading\" data-id=\"40f7802\" data-element_type=\"widget\" data-widget_type=\"heading.default\">\n\t\t\t\t<div class=\"elementor-widget-container\">\n\t\t\t<h5 class=\"elementor-heading-title elementor-size-default\">Le CEPICI dispose d\u2019un vaste programme d\u2019information sur\u00a0:<\/h5>\t\t<\/div>\n\t\t\t\t<\/div>\n\t\t\t\t<div class=\"elementor-element elementor-element-96faa51 elementor-widget elementor-widget-premium-icon-list\" data-id=\"96faa51\" data-element_type=\"widget\" data-settings=\"{&quot;rbadges_repeater&quot;:[]}\" data-widget_type=\"premium-icon-list.default\">\n\t\t\t\t<div class=\"elementor-widget-container\">\n\t\t\t\t\t\t<ul class=\"premium-bullet-list-box\">\r\n\t\t\r\n\t\t\t<li class=\"premium-bullet-list-content elementor-repeater-item-b8deb20 premium-bullet-list-content-grow-lc\">\r\n\t\t\t\t<div class=\"premium-bullet-list-text\">\r\n\t\t\t\t\t\t\t\t<div class=\"premium-bullet-list-wrapper\">\r\n\t\t\t\t\t<div class=\"premium-drawable-icon\"><i class=\"premium-svg-nodraw far fa-check-circle\" aria-hidden=\"true\"><\/i><\/div>\t\t\t\t<\/div>\r\n\t\t\t\t\r\n\t\t\t\t<span   data-text=\"The business environment\"> Le milieux d\u2019affaires <\/span>\r\n\t\t\t\t<\/div>\r\n\r\n\t\t\t\t\r\n\t\t\t\t\r\n\t\t\t<\/li>\r\n\r\n\t\t\t\t\r\n\t\t\t<li class=\"premium-bullet-list-content elementor-repeater-item-57ef9d6 premium-bullet-list-content-grow-lc\">\r\n\t\t\t\t<div class=\"premium-bullet-list-text\">\r\n\t\t\t\t\t\t\t\t<div class=\"premium-bullet-list-wrapper\">\r\n\t\t\t\t\t<div class=\"premium-drawable-icon\"><i class=\"premium-svg-nodraw far fa-check-circle\" aria-hidden=\"true\"><\/i><\/div>\t\t\t\t<\/div>\r\n\t\t\t\t\r\n\t\t\t\t<span   data-text=\"The Ivorian economy\"> l\u2019\u00e9conomie ivoirienne <\/span>\r\n\t\t\t\t<\/div>\r\n\r\n\t\t\t\t\r\n\t\t\t\t\r\n\t\t\t<\/li>\r\n\r\n\t\t\t\t\r\n\t\t\t<li class=\"premium-bullet-list-content elementor-repeater-item-7063494 premium-bullet-list-content-grow-lc\">\r\n\t\t\t\t<div class=\"premium-bullet-list-text\">\r\n\t\t\t\t\t\t\t\t<div class=\"premium-bullet-list-wrapper\">\r\n\t\t\t\t\t<div class=\"premium-drawable-icon\"><i class=\"premium-svg-nodraw far fa-check-circle\" aria-hidden=\"true\"><\/i><\/div>\t\t\t\t<\/div>\r\n\t\t\t\t\r\n\t\t\t\t<span   data-text=\"Investments\"> l\u2019environnement des investissements <\/span>\r\n\t\t\t\t<\/div>\r\n\r\n\t\t\t\t\r\n\t\t\t\t\r\n\t\t\t<\/li>\r\n\r\n\t\t\t\t\r\n\t\t\t<li class=\"premium-bullet-list-content elementor-repeater-item-71aee32 premium-bullet-list-content-grow-lc\">\r\n\t\t\t\t<div class=\"premium-bullet-list-text\">\r\n\t\t\t\t\t\t\t\t<div class=\"premium-bullet-list-wrapper\">\r\n\t\t\t\t\t<div class=\"premium-drawable-icon\"><i class=\"premium-svg-nodraw far fa-check-circle\" aria-hidden=\"true\"><\/i><\/div>\t\t\t\t<\/div>\r\n\t\t\t\t\r\n\t\t\t\t<span   data-text=\"Investment opportunities and incentives in C\u00f4te d\u2019Ivoire.\"> les opportunit\u00e9s d\u2019investissements et les incitations \u00e0 l\u2019investissement en C\u00f4te d\u2019Ivoire. <\/span>\r\n\t\t\t\t<\/div>\r\n\r\n\t\t\t\t\r\n\t\t\t\t\r\n\t\t\t<\/li>\r\n\r\n\t\t\t\t\t\t<\/ul>\r\n\t\t\t\t<\/div>\n\t\t\t\t<\/div>\n\t\t\t\t\t<\/div>\n\t\t<\/div>\n\t\t\t\t\t<\/div>\n\t\t<\/section>\n\t\t\t\t<section class=\"elementor-section elementor-top-section elementor-element elementor-element-d695106 elementor-section-boxed elementor-section-height-default elementor-section-height-default\" data-id=\"d695106\" data-element_type=\"section\">\n\t\t\t\t\t\t<div class=\"elementor-container elementor-column-gap-default\">\n\t\t\t\t\t<div class=\"elementor-column elementor-col-100 elementor-top-column elementor-element elementor-element-4caac75\" data-id=\"4caac75\" data-element_type=\"column\">\n\t\t\t<div class=\"elementor-widget-wrap elementor-element-populated\">\n\t\t\t\t\t\t<div class=\"elementor-element elementor-element-3c9aed6 elementor-widget elementor-widget-heading\" data-id=\"3c9aed6\" data-element_type=\"widget\" data-widget_type=\"heading.default\">\n\t\t\t\t<div class=\"elementor-widget-container\">\n\t\t\t<h5 class=\"elementor-heading-title elementor-size-default\">Le CEPICI permet\u00a0:<\/h5>\t\t<\/div>\n\t\t\t\t<\/div>\n\t\t\t\t<section class=\"elementor-section elementor-inner-section elementor-element elementor-element-1c055ec elementor-section-boxed elementor-section-height-default elementor-section-height-default\" data-id=\"1c055ec\" data-element_type=\"section\">\n\t\t\t\t\t\t<div class=\"elementor-container elementor-column-gap-default\">\n\t\t\t\t\t<div class=\"elementor-column elementor-col-50 elementor-inner-column elementor-element elementor-element-87325f1\" data-id=\"87325f1\" data-element_type=\"column\">\n\t\t\t<div class=\"elementor-widget-wrap elementor-element-populated\">\n\t\t\t\t\t\t<div class=\"elementor-element elementor-element-18b6967 premium-title-color elementor-widget elementor-widget-premium-addon-title\" data-id=\"18b6967\" data-element_type=\"widget\" data-widget_type=\"premium-addon-title.default\">\n\t\t\t\t<div class=\"elementor-widget-container\">\n\t\t\t\r\n\t\t<div class=\"premium-title-container style1\">\r\n\t\t\t<h2 class=\"premium-title-header premium-title-style1\">\r\n\t\t\t\t\r\n\t\t\t\t\r\n\t\t\t\t\t\t\t\t\t\t\t\t<span class=\"premium-title-text\" >\r\n\t\t\t\t\td\u2019identifier, d\u2019informer, d\u2019accueillir et d\u2019assister les investisseurs ivoiriens et \u00e9trangers.\t\t\t\t<\/span>\r\n\t\t\t\t\t\r\n\t\t\t\t\t\t\t\t\t\t\t<\/h2>\r\n\t\t<\/div>\r\n\r\n\t\t\t\t<\/div>\n\t\t\t\t<\/div>\n\t\t\t\t\t<\/div>\n\t\t<\/div>\n\t\t\t\t<div class=\"elementor-column elementor-col-50 elementor-inner-column elementor-element elementor-element-24b4724\" data-id=\"24b4724\" data-element_type=\"column\">\n\t\t\t<div class=\"elementor-widget-wrap elementor-element-populated\">\n\t\t\t\t\t\t<div class=\"elementor-element elementor-element-cbcb78f premium-title-color elementor-widget elementor-widget-premium-addon-title\" data-id=\"cbcb78f\" data-element_type=\"widget\" data-widget_type=\"premium-addon-title.default\">\n\t\t\t\t<div class=\"elementor-widget-container\">\n\t\t\t\r\n\t\t<div class=\"premium-title-container style1\">\r\n\t\t\t<h3 class=\"premium-title-header premium-title-style1\">\r\n\t\t\t\t\r\n\t\t\t\t\r\n\t\t\t\t\t\t\t\t\t\t\t\t<span class=\"premium-title-text\" >\r\n\t\t\t\t\td\u2019organiser ou de contribuer \u00e0 l\u2019organisation de manifestations tant en C\u00f4te d\u2019Ivoire qu\u2019\u00e0 l\u2019\u00e9tranger, sur tous les th\u00e8mes li\u00e9s \u00e0 l\u2019investissement.\t\t\t\t<\/span>\r\n\t\t\t\t\t\r\n\t\t\t\t\t\t\t\t\t\t\t<\/h3>\r\n\t\t<\/div>\r\n\r\n\t\t\t\t<\/div>\n\t\t\t\t<\/div>\n\t\t\t\t\t<\/div>\n\t\t<\/div>\n\t\t\t\t\t<\/div>\n\t\t<\/section>\n\t\t\t\t\t<\/div>\n\t\t<\/div>\n\t\t\t\t\t<\/div>\n\t\t<\/section>\n\t\t\t\t<section class=\"elementor-section elementor-top-section elementor-element elementor-element-e4b2ef7 elementor-section-boxed elementor-section-height-default elementor-section-height-default\" data-id=\"e4b2ef7\" data-element_type=\"section\">\n\t\t\t\t\t\t<div class=\"elementor-container elementor-column-gap-default\">\n\t\t\t\t\t<div class=\"elementor-column elementor-col-100 elementor-top-column elementor-element elementor-element-3cf8020\" data-id=\"3cf8020\" data-element_type=\"column\">\n\t\t\t<div class=\"elementor-widget-wrap elementor-element-populated\">\n\t\t\t\t\t\t<div class=\"elementor-element elementor-element-fc0ffb7 elementor-widget elementor-widget-heading\" data-id=\"fc0ffb7\" data-element_type=\"widget\" data-widget_type=\"heading.default\">\n\t\t\t\t<div class=\"elementor-widget-container\">\n\t\t\t<h5 class=\"elementor-heading-title elementor-size-default\">Le CEPICI est \u00e9galement un guichet unique de l\u2019investissement charg\u00e9 de :<\/h5>\t\t<\/div>\n\t\t\t\t<\/div>\n\t\t\t\t<section class=\"elementor-section elementor-inner-section elementor-element elementor-element-4ae9cf6 elementor-section-content-bottom elementor-section-full_width elementor-section-height-default elementor-section-height-default\" data-id=\"4ae9cf6\" data-element_type=\"section\">\n\t\t\t\t\t\t<div class=\"elementor-container elementor-column-gap-default\">\n\t\t\t\t\t<div class=\"elementor-column elementor-col-50 elementor-inner-column elementor-element elementor-element-1497dec\" data-id=\"1497dec\" data-element_type=\"column\">\n\t\t\t<div class=\"elementor-widget-wrap elementor-element-populated\">\n\t\t\t\t\t\t<div class=\"elementor-element elementor-element-5e80ae2 elementor-widget elementor-widget-premium-icon-list\" data-id=\"5e80ae2\" data-element_type=\"widget\" data-settings=\"{&quot;rbadges_repeater&quot;:[]}\" data-widget_type=\"premium-icon-list.default\">\n\t\t\t\t<div class=\"elementor-widget-container\">\n\t\t\t\t\t\t<ul class=\"premium-bullet-list-box\">\r\n\t\t\r\n\t\t\t<li class=\"premium-bullet-list-content elementor-repeater-item-b8deb20 premium-bullet-list-content-grow-lc\">\r\n\t\t\t\t<div class=\"premium-bullet-list-text\">\r\n\t\t\t\t\t\t\t\t<div class=\"premium-bullet-list-wrapper\">\r\n\t\t\t\t\t<div class=\"premium-drawable-icon\"><i class=\"premium-svg-nodraw far fa-check-circle\" aria-hidden=\"true\"><\/i><\/div>\t\t\t\t<\/div>\r\n\t\t\t\t\r\n\t\t\t\t<span   data-text=\"Facilitating the interaction between private and public sector.\"> Centraliser et de faciliter l\u2019accomplissement des formalit\u00e9s administratives relatives \u00e0 la cr\u00e9ation\nd\u2019entreprises, leur modification, leur dissolution etc. <\/span>\r\n\t\t\t\t<\/div>\r\n\r\n\t\t\t\t\r\n\t\t\t\t\r\n\t\t\t<\/li>\r\n\r\n\t\t\t\t\r\n\t\t\t<li class=\"premium-bullet-list-content elementor-repeater-item-57ef9d6 premium-bullet-list-content-grow-lc\">\r\n\t\t\t\t<div class=\"premium-bullet-list-text\">\r\n\t\t\t\t\t\t\t\t<div class=\"premium-bullet-list-wrapper\">\r\n\t\t\t\t\t<div class=\"premium-drawable-icon\"><i class=\"premium-svg-nodraw far fa-check-circle\" aria-hidden=\"true\"><\/i><\/div>\t\t\t\t<\/div>\r\n\t\t\t\t\r\n\t\t\t\t<span   data-text=\"Promoting national and foreign investments ton Cote d\u2019Ivoire\"> Promoting national and foreign investments ton Cote d\u2019Ivoire <\/span>\r\n\t\t\t\t<\/div>\r\n\r\n\t\t\t\t\r\n\t\t\t\t\r\n\t\t\t<\/li>\r\n\r\n\t\t\t\t\r\n\t\t\t<li class=\"premium-bullet-list-content elementor-repeater-item-7063494 premium-bullet-list-content-grow-lc\">\r\n\t\t\t\t<div class=\"premium-bullet-list-text\">\r\n\t\t\t\t\t\t\t\t<div class=\"premium-bullet-list-wrapper\">\r\n\t\t\t\t\t<div class=\"premium-drawable-icon\"><i class=\"premium-svg-nodraw far fa-check-circle\" aria-hidden=\"true\"><\/i><\/div>\t\t\t\t<\/div>\r\n\t\t\t\t\r\n\t\t\t\t<span   data-text=\"Facilitating the administrative procedures related to the creation, operation, hand-over or the expansion of a firm.\"> Facilitating the administrative procedures related to the creation, operation, hand-over or the expansion of a firm. <\/span>\r\n\t\t\t\t<\/div>\r\n\r\n\t\t\t\t\r\n\t\t\t\t\r\n\t\t\t<\/li>\r\n\r\n\t\t\t\t\r\n\t\t\t<li class=\"premium-bullet-list-content elementor-repeater-item-1920683 premium-bullet-list-content-grow-lc\">\r\n\t\t\t\t<div class=\"premium-bullet-list-text\">\r\n\t\t\t\t\t\t\t\t<div class=\"premium-bullet-list-wrapper\">\r\n\t\t\t\t\t<div class=\"premium-drawable-icon\"><i class=\"premium-svg-nodraw far fa-check-circle\" aria-hidden=\"true\"><\/i><\/div>\t\t\t\t<\/div>\r\n\t\t\t\t\r\n\t\t\t\t<span   data-text=\"Contributing to the decrease of the expenses related to these procedures.\"> Contributing to the decrease of the expenses related to these procedures. <\/span>\r\n\t\t\t\t<\/div>\r\n\r\n\t\t\t\t\r\n\t\t\t\t\r\n\t\t\t<\/li>\r\n\r\n\t\t\t\t\t\t<\/ul>\r\n\t\t\t\t<\/div>\n\t\t\t\t<\/div>\n\t\t\t\t\t<\/div>\n\t\t<\/div>\n\t\t\t\t<div class=\"elementor-column elementor-col-50 elementor-inner-column elementor-element elementor-element-9c8e12b\" data-id=\"9c8e12b\" data-element_type=\"column\">\n\t\t\t<div class=\"elementor-widget-wrap elementor-element-populated\">\n\t\t\t\t\t\t<div class=\"elementor-element elementor-element-6247f48 elementor-widget elementor-widget-premium-icon-list\" data-id=\"6247f48\" data-element_type=\"widget\" data-settings=\"{&quot;rbadges_repeater&quot;:[]}\" data-widget_type=\"premium-icon-list.default\">\n\t\t\t\t<div class=\"elementor-widget-container\">\n\t\t\t\t\t\t<ul class=\"premium-bullet-list-box\">\r\n\t\t\r\n\t\t\t<li class=\"premium-bullet-list-content elementor-repeater-item-f857569 premium-bullet-list-content-grow-lc\">\r\n\t\t\t\t<div class=\"premium-bullet-list-text\">\r\n\t\t\t\t\t\t\t\t<div class=\"premium-bullet-list-wrapper\">\r\n\t\t\t\t\t<div class=\"premium-drawable-icon\"><i class=\"premium-svg-nodraw far fa-check-circle\" aria-hidden=\"true\"><\/i><\/div>\t\t\t\t<\/div>\r\n\t\t\t\t\r\n\t\t\t\t<span   data-text=\"Receiving and instructing investors of the advantages and benefit of the Code of Investment.\"> Receiving and instructing investors of the advantages and benefit of the Code of Investment. <\/span>\r\n\t\t\t\t<\/div>\r\n\r\n\t\t\t\t\r\n\t\t\t\t\r\n\t\t\t<\/li>\r\n\r\n\t\t\t\t\r\n\t\t\t<li class=\"premium-bullet-list-content elementor-repeater-item-b8deb20 premium-bullet-list-content-grow-lc\">\r\n\t\t\t\t<div class=\"premium-bullet-list-text\">\r\n\t\t\t\t\t\t\t\t<div class=\"premium-bullet-list-wrapper\">\r\n\t\t\t\t\t<div class=\"premium-drawable-icon\"><i class=\"premium-svg-nodraw far fa-check-circle\" aria-hidden=\"true\"><\/i><\/div>\t\t\t\t<\/div>\r\n\t\t\t\t\r\n\t\t\t\t<span   data-text=\"Instructing, delivering and withdraw investment agreements\"> Instructing, delivering and withdraw investment agreements <\/span>\r\n\t\t\t\t<\/div>\r\n\r\n\t\t\t\t\r\n\t\t\t\t\r\n\t\t\t<\/li>\r\n\r\n\t\t\t\t\r\n\t\t\t<li class=\"premium-bullet-list-content elementor-repeater-item-57ef9d6 premium-bullet-list-content-grow-lc\">\r\n\t\t\t\t<div class=\"premium-bullet-list-text\">\r\n\t\t\t\t\t\t\t\t<div class=\"premium-bullet-list-wrapper\">\r\n\t\t\t\t\t<div class=\"premium-drawable-icon\"><i class=\"premium-svg-nodraw far fa-check-circle\" aria-hidden=\"true\"><\/i><\/div>\t\t\t\t<\/div>\r\n\t\t\t\t\r\n\t\t\t\t<span   data-text=\"Bringing business investors, SMB and promoters to galvanize their business sector.\"> Bringing business investors, SMB and promoters to galvanize their business sector. <\/span>\r\n\t\t\t\t<\/div>\r\n\r\n\t\t\t\t\r\n\t\t\t\t\r\n\t\t\t<\/li>\r\n\r\n\t\t\t\t\r\n\t\t\t<li class=\"premium-bullet-list-content elementor-repeater-item-4d32e61 premium-bullet-list-content-grow-lc\">\r\n\t\t\t\t<div class=\"premium-bullet-list-text\">\r\n\t\t\t\t\t\t\t\t<div class=\"premium-bullet-list-wrapper\">\r\n\t\t\t\t\t<div class=\"premium-drawable-icon\"><i class=\"premium-svg-nodraw far fa-check-circle\" aria-hidden=\"true\"><\/i><\/div>\t\t\t\t<\/div>\r\n\t\t\t\t\r\n\t\t\t\t<span   data-text=\"Identify investors and partnership opportunities etc.\"> Identify investors and partnership opportunities etc. <\/span>\r\n\t\t\t\t<\/div>\r\n\r\n\t\t\t\t\r\n\t\t\t\t\r\n\t\t\t<\/li>\r\n\r\n\t\t\t\t\t\t<\/ul>\r\n\t\t\t\t<\/div>\n\t\t\t\t<\/div>\n\t\t\t\t\t<\/div>\n\t\t<\/div>\n\t\t\t\t\t<\/div>\n\t\t<\/section>\n\t\t\t\t\t<\/div>\n\t\t<\/div>\n\t\t\t\t\t<\/div>\n\t\t<\/section>\n\t\t\t\t<section class=\"elementor-section elementor-top-section elementor-element elementor-element-93796f5 elementor-section-boxed elementor-section-height-default elementor-section-height-default\" data-id=\"93796f5\" data-element_type=\"section\">\n\t\t\t\t\t\t<div class=\"elementor-container elementor-column-gap-default\">\n\t\t\t\t\t<div class=\"elementor-column elementor-col-100 elementor-top-column elementor-element elementor-element-5c1def5\" data-id=\"5c1def5\" data-element_type=\"column\">\n\t\t\t<div class=\"elementor-widget-wrap elementor-element-populated\">\n\t\t\t\t\t\t<div class=\"elementor-element elementor-element-7471756 elementor-widget elementor-widget-heading\" data-id=\"7471756\" data-element_type=\"widget\" data-widget_type=\"heading.default\">\n\t\t\t\t<div class=\"elementor-widget-container\">\n\t\t\t<h5 class=\"elementor-heading-title elementor-size-default\">Contacts<\/h5>\t\t<\/div>\n\t\t\t\t<\/div>\n\t\t\t\t<section class=\"elementor-section elementor-inner-section elementor-element elementor-element-70dde46 elementor-section-boxed elementor-section-height-default elementor-section-height-default\" data-id=\"70dde46\" data-element_type=\"section\">\n\t\t\t\t\t\t<div class=\"elementor-container elementor-column-gap-default\">\n\t\t\t\t\t<div class=\"elementor-column elementor-col-50 elementor-inner-column elementor-element elementor-element-2d42e7d\" data-id=\"2d42e7d\" data-element_type=\"column\">\n\t\t\t<div class=\"elementor-widget-wrap elementor-element-populated\">\n\t\t\t\t\t\t<div class=\"elementor-element elementor-element-02f2c3c premium-title-color elementor-widget elementor-widget-premium-addon-title\" data-id=\"02f2c3c\" data-element_type=\"widget\" data-widget_type=\"premium-addon-title.default\">\n\t\t\t\t<div class=\"elementor-widget-container\">\n\t\t\t\r\n\t\t<div class=\"premium-title-container style1\">\r\n\t\t\t<h2 class=\"premium-title-header premium-title-style1\">\r\n\t\t\t\t\r\n\t\t\t\t\r\n\t\t\t\t\t\t\t\t\t\t\t\t<span class=\"premium-title-text\" >\r\n\t\t\t\t\tCEPICI \u2013 DIRECTION GENERALE <br><br> 16\u00e8me \u00e9tage Immeuble BELLERIVE <br><br> Avenue ABDOULAYE FADIGA, Plateau \u2013 Abidjan\t\t\t\t<\/span>\r\n\t\t\t\t\t\r\n\t\t\t\t\t\t\t\t\t\t\t<\/h2>\r\n\t\t<\/div>\r\n\r\n\t\t\t\t<\/div>\n\t\t\t\t<\/div>\n\t\t\t\t\t<\/div>\n\t\t<\/div>\n\t\t\t\t<div class=\"elementor-column elementor-col-50 elementor-inner-column elementor-element elementor-element-e2043e1\" data-id=\"e2043e1\" data-element_type=\"column\">\n\t\t\t<div class=\"elementor-widget-wrap elementor-element-populated\">\n\t\t\t\t\t\t<div class=\"elementor-element elementor-element-42b36d4 premium-title-color elementor-widget elementor-widget-premium-addon-title\" data-id=\"42b36d4\" data-element_type=\"widget\" data-widget_type=\"premium-addon-title.default\">\n\t\t\t\t<div class=\"elementor-widget-container\">\n\t\t\t\r\n\t\t<div class=\"premium-title-container style1\">\r\n\t\t\t<h3 class=\"premium-title-header premium-title-style1\">\r\n\t\t\t\t\r\n\t\t\t\t\r\n\t\t\t\t\t\t\t\t\t\t\t\t<span class=\"premium-title-text\" >\r\n\t\t\t\t\tT\u00e9l : +225 20 31 14 00 <br><br> Email\u00a0: infos.cepici@cepici.ci <br><br> Fax\u00a0: +225 20 31 14 09\t\t\t\t<\/span>\r\n\t\t\t\t\t\r\n\t\t\t\t\t\t\t\t\t\t\t<\/h3>\r\n\t\t<\/div>\r\n\r\n\t\t\t\t<\/div>\n\t\t\t\t<\/div>\n\t\t\t\t\t<\/div>\n\t\t<\/div>\n\t\t\t\t\t<\/div>\n\t\t<\/section>\n\t\t\t\t\t<\/div>\n\t\t<\/div>\n\t\t\t\t\t<\/div>\n\t\t<\/section>\n\t\t\t\t<\/div>","protected":false},"excerpt":{"rendered":"<p>Missions and Objectives As an investor\u2019s center, CEPICI is, first, an information center in charge of collecting, processing, producing, and disseminating through the most appropriate information and exchanges of data, all the necessary documentation for a better knowledge of Ivorian products. CEPICI has an extensive information program covering: The business environment The Ivorian economy Investments [&hellip;]<\/p>","protected":false},"author":1,"featured_media":0,"parent":0,"menu_order":0,"comment_status":"closed","ping_status":"closed","template":"","meta":{"footnotes":""},"_links":{"self":[{"href":"https:\/\/www.speciamerica.org\/fr\/wp-json\/wp\/v2\/pages\/69"}],"collection":[{"href":"https:\/\/www.speciamerica.org\/fr\/wp-json\/wp\/v2\/pages"}],"about":[{"href":"https:\/\/www.speciamerica.org\/fr\/wp-json\/wp\/v2\/types\/page"}],"author":[{"embeddable":true,"href":"https:\/\/www.speciamerica.org\/fr\/wp-json\/wp\/v2\/users\/1"}],"replies":[{"embeddable":true,"href":"https:\/\/www.speciamerica.org\/fr\/wp-json\/wp\/v2\/comments?post=69"}],"version-history":[{"count":13,"href":"https:\/\/www.speciamerica.org\/fr\/wp-json\/wp\/v2\/pages\/69\/revisions"}],"predecessor-version":[{"id":732,"href":"https:\/\/www.speciamerica.org\/fr\/wp-json\/wp\/v2\/pages\/69\/revisions\/732"}],"wp:attachment":[{"href":"https:\/\/www.speciamerica.org\/fr\/wp-json\/wp\/v2\/media?parent=69"}],"curies":[{"name":"wp","href":"https:\/\/api.w.org\/{rel}","templated":true}]}}