{"id":65,"date":"2022-11-17T17:34:04","date_gmt":"2022-11-17T17:34:04","guid":{"rendered":"https:\/\/www.speciamerica.org\/?page_id=65"},"modified":"2022-12-09T20:22:25","modified_gmt":"2022-12-09T20:22:25","slug":"mine-and-oil","status":"publish","type":"page","link":"https:\/\/www.speciamerica.org\/fr\/mine-and-oil\/","title":{"rendered":"Mine et p\u00e9trole"},"content":{"rendered":"<div data-elementor-type=\"wp-page\" data-elementor-id=\"65\" class=\"elementor elementor-65\">\n\t\t\t\t\t\t<section class=\"elementor-section elementor-top-section elementor-element elementor-element-7b49e7a elementor-section-boxed elementor-section-height-default elementor-section-height-default\" data-id=\"7b49e7a\" data-element_type=\"section\">\n\t\t\t\t\t\t<div class=\"elementor-container elementor-column-gap-default\">\n\t\t\t\t\t<div class=\"elementor-column elementor-col-100 elementor-top-column elementor-element elementor-element-6c2c543\" data-id=\"6c2c543\" data-element_type=\"column\">\n\t\t\t<div class=\"elementor-widget-wrap elementor-element-populated\">\n\t\t\t\t\t\t\t<\/div>\n\t\t<\/div>\n\t\t\t\t\t<\/div>\n\t\t<\/section>\n\t\t\t\t<section class=\"elementor-section elementor-top-section elementor-element elementor-element-2b0cb65 elementor-section-boxed elementor-section-height-default elementor-section-height-default\" data-id=\"2b0cb65\" data-element_type=\"section\">\n\t\t\t\t\t\t<div class=\"elementor-container elementor-column-gap-default\">\n\t\t\t\t\t<div class=\"elementor-column elementor-col-100 elementor-top-column elementor-element elementor-element-a7fb389\" data-id=\"a7fb389\" data-element_type=\"column\">\n\t\t\t<div class=\"elementor-widget-wrap elementor-element-populated\">\n\t\t\t\t\t\t<section class=\"elementor-section elementor-inner-section elementor-element elementor-element-8ec4c9f elementor-section-content-bottom elementor-section-boxed elementor-section-height-default elementor-section-height-default\" data-id=\"8ec4c9f\" data-element_type=\"section\">\n\t\t\t\t\t\t<div class=\"elementor-container elementor-column-gap-default\">\n\t\t\t\t\t<div class=\"elementor-column elementor-col-50 elementor-inner-column elementor-element elementor-element-63c2433\" data-id=\"63c2433\" data-element_type=\"column\">\n\t\t\t<div class=\"elementor-widget-wrap elementor-element-populated\">\n\t\t\t\t\t\t<div class=\"elementor-element elementor-element-d07817d elementor-widget elementor-widget-text-editor\" data-id=\"d07817d\" data-element_type=\"widget\" data-widget_type=\"text-editor.default\">\n\t\t\t\t<div class=\"elementor-widget-container\">\n\t\t\t<style>\/*! elementor - v3.19.0 - 28-02-2024 *\/\n.elementor-widget-text-editor.elementor-drop-cap-view-stacked .elementor-drop-cap{background-color:#69727d;color:#fff}.elementor-widget-text-editor.elementor-drop-cap-view-framed .elementor-drop-cap{color:#69727d;border:3px solid;background-color:transparent}.elementor-widget-text-editor:not(.elementor-drop-cap-view-default) .elementor-drop-cap{margin-top:8px}.elementor-widget-text-editor:not(.elementor-drop-cap-view-default) .elementor-drop-cap-letter{width:1em;height:1em}.elementor-widget-text-editor .elementor-drop-cap{float:left;text-align:center;line-height:1;font-size:50px}.elementor-widget-text-editor .elementor-drop-cap-letter{display:inline-block}<\/style>\t\t\t\t<p>En 2016, La production pour l'ann\u00e9e 2016 \u00e9tait de 15 425 895 barils, soit une production journali\u00e8re moyenne de 42 147 barils par jour.<\/p><p>En 2019, la production de p\u00e9trole a connu une augmentation de 12% pour atteindre 36 000 barils par jour. En 2021, la production de p\u00e9trole, qui a connu un d\u00e9clin de 16% suite \u00e0 la pand\u00e9mie de la COVID-19, s\u2019\u00e9levait \u00e0 24 000<br \/>barils par jour.<\/p><p>Pour stimuler sa production p\u00e9troli\u00e8re, la C\u00f4te d\u2019Ivoire a adopt\u00e9 un nouveau code p\u00e9trolier ; celui-ci pr\u00e9voit de r\u00e9aliser les ambitions du pays \u00e0 savoir devenir l\u2019un des plus grands producteurs du continent africain.<\/p>\t\t\t\t\t\t<\/div>\n\t\t\t\t<\/div>\n\t\t\t\t\t<\/div>\n\t\t<\/div>\n\t\t\t\t<div class=\"elementor-column elementor-col-50 elementor-inner-column elementor-element elementor-element-f1d99ec\" data-id=\"f1d99ec\" data-element_type=\"column\">\n\t\t\t<div class=\"elementor-widget-wrap elementor-element-populated\">\n\t\t\t\t\t\t<div class=\"elementor-element elementor-element-3a72483 elementor-widget elementor-widget-text-editor\" data-id=\"3a72483\" data-element_type=\"widget\" data-widget_type=\"text-editor.default\">\n\t\t\t\t<div class=\"elementor-widget-container\">\n\t\t\t\t\t\t\t<p>La C\u00f4te d\u2019Ivoire poss\u00e8de 51 champs identifi\u00e9s dont 4 en production, 26 en exploration et 21 en n\u00e9gociation. (Source le Monde).<\/p><p>La C\u00f4te d\u2019Ivoire ambitionne de devenir un producteur de p\u00e9trole \u00e0 partir de 2023 et souhaite augmenter son niveau de production de p\u00e9trole de 29 000 barils par jour actuellement \u00e0 150 000 barils.<\/p><p>Malgr\u00e9 une production peu concurrentielle ces derni\u00e8res ann\u00e9es, Le secteur Ivoirien du p\u00e9trole du gaz et de l\u2019\u00e9nergie, repr\u00e9sente un \u00e9norme potentiel pour les investisseurs notamment gr\u00e2ce \u00e0 des gisements \u00e0 l\u2019int\u00e9rieur du pays et sur la zone c\u00f4ti\u00e8re.<\/p>\t\t\t\t\t\t<\/div>\n\t\t\t\t<\/div>\n\t\t\t\t\t<\/div>\n\t\t<\/div>\n\t\t\t\t\t<\/div>\n\t\t<\/section>\n\t\t\t\t\t<\/div>\n\t\t<\/div>\n\t\t\t\t\t<\/div>\n\t\t<\/section>\n\t\t\t\t<section class=\"elementor-section elementor-top-section elementor-element elementor-element-7dd3a8d elementor-section-boxed elementor-section-height-default elementor-section-height-default\" data-id=\"7dd3a8d\" data-element_type=\"section\">\n\t\t\t\t\t\t<div class=\"elementor-container elementor-column-gap-default\">\n\t\t\t\t\t<div class=\"elementor-column elementor-col-100 elementor-top-column elementor-element elementor-element-9a3e682\" data-id=\"9a3e682\" data-element_type=\"column\">\n\t\t\t<div class=\"elementor-widget-wrap elementor-element-populated\">\n\t\t\t\t\t\t<div class=\"elementor-element elementor-element-20c3086 elementor-widget elementor-widget-heading\" data-id=\"20c3086\" data-element_type=\"widget\" data-widget_type=\"heading.default\">\n\t\t\t\t<div class=\"elementor-widget-container\">\n\t\t\t<style>\/*! elementor - v3.19.0 - 28-02-2024 *\/\n.elementor-heading-title{padding:0;margin:0;line-height:1}.elementor-widget-heading .elementor-heading-title[class*=elementor-size-]>a{color:inherit;font-size:inherit;line-height:inherit}.elementor-widget-heading .elementor-heading-title.elementor-size-small{font-size:15px}.elementor-widget-heading .elementor-heading-title.elementor-size-medium{font-size:19px}.elementor-widget-heading .elementor-heading-title.elementor-size-large{font-size:29px}.elementor-widget-heading .elementor-heading-title.elementor-size-xl{font-size:39px}.elementor-widget-heading .elementor-heading-title.elementor-size-xxl{font-size:59px}<\/style><h5 class=\"elementor-heading-title elementor-size-default\">Les projets en besoins d\u2019investissement incluent:<\/h5>\t\t<\/div>\n\t\t\t\t<\/div>\n\t\t\t\t\t<\/div>\n\t\t<\/div>\n\t\t\t\t\t<\/div>\n\t\t<\/section>\n\t\t\t\t<section class=\"elementor-section elementor-top-section elementor-element elementor-element-730aa5c elementor-section-boxed elementor-section-height-default elementor-section-height-default\" data-id=\"730aa5c\" data-element_type=\"section\">\n\t\t\t\t\t\t<div class=\"elementor-container elementor-column-gap-default\">\n\t\t\t\t\t<div class=\"elementor-column elementor-col-100 elementor-top-column elementor-element elementor-element-4310046\" data-id=\"4310046\" data-element_type=\"column\">\n\t\t\t<div class=\"elementor-widget-wrap elementor-element-populated\">\n\t\t\t\t\t\t<section class=\"elementor-section elementor-inner-section elementor-element elementor-element-b55d7c2 elementor-section-boxed elementor-section-height-default elementor-section-height-default elementor-invisible\" data-id=\"b55d7c2\" data-element_type=\"section\" data-settings=\"{&quot;animation&quot;:&quot;fadeInUp&quot;}\">\n\t\t\t\t\t\t<div class=\"elementor-container elementor-column-gap-default\">\n\t\t\t\t\t<div class=\"elementor-column elementor-col-33 elementor-inner-column elementor-element elementor-element-0e387b6\" data-id=\"0e387b6\" data-element_type=\"column\">\n\t\t\t<div class=\"elementor-widget-wrap elementor-element-populated\">\n\t\t\t\t\t\t<div class=\"elementor-element elementor-element-d37ae98 premium-title-color elementor-widget elementor-widget-premium-addon-title\" data-id=\"d37ae98\" data-element_type=\"widget\" data-widget_type=\"premium-addon-title.default\">\n\t\t\t\t<div class=\"elementor-widget-container\">\n\t\t\t\r\n\t\t<div class=\"premium-title-container style1\">\r\n\t\t\t<h3 class=\"premium-title-header premium-title-style1\">\r\n\t\t\t\t\r\n\t\t\t\t\r\n\t\t\t\t\t\t\t\t\t\t\t\t<span class=\"premium-title-text\" >\r\n\t\t\t\t\tLa construction et maintenance de stations-service.\t\t\t\t<\/span>\r\n\t\t\t\t\t\r\n\t\t\t\t\t\t\t\t\t\t\t<\/h3>\r\n\t\t<\/div>\r\n\r\n\t\t\t\t<\/div>\n\t\t\t\t<\/div>\n\t\t\t\t\t<\/div>\n\t\t<\/div>\n\t\t\t\t<div class=\"elementor-column elementor-col-33 elementor-inner-column elementor-element elementor-element-5fb31f7\" data-id=\"5fb31f7\" data-element_type=\"column\">\n\t\t\t<div class=\"elementor-widget-wrap elementor-element-populated\">\n\t\t\t\t\t\t<div class=\"elementor-element elementor-element-d41ade7 premium-title-color elementor-widget elementor-widget-premium-addon-title\" data-id=\"d41ade7\" data-element_type=\"widget\" data-widget_type=\"premium-addon-title.default\">\n\t\t\t\t<div class=\"elementor-widget-container\">\n\t\t\t\r\n\t\t<div class=\"premium-title-container style1\">\r\n\t\t\t<h2 class=\"premium-title-header premium-title-style1\">\r\n\t\t\t\t\r\n\t\t\t\t\r\n\t\t\t\t\t\t\t\t\t\t\t\t<span class=\"premium-title-text\" >\r\n\t\t\t\t\tLa construction de quais p\u00e9troliers.\t\t\t\t<\/span>\r\n\t\t\t\t\t\r\n\t\t\t\t\t\t\t\t\t\t\t<\/h2>\r\n\t\t<\/div>\r\n\r\n\t\t\t\t<\/div>\n\t\t\t\t<\/div>\n\t\t\t\t\t<\/div>\n\t\t<\/div>\n\t\t\t\t<div class=\"elementor-column elementor-col-33 elementor-inner-column elementor-element elementor-element-2fb4932\" data-id=\"2fb4932\" data-element_type=\"column\">\n\t\t\t<div class=\"elementor-widget-wrap elementor-element-populated\">\n\t\t\t\t\t\t<div class=\"elementor-element elementor-element-9f0390f premium-title-color elementor-widget elementor-widget-premium-addon-title\" data-id=\"9f0390f\" data-element_type=\"widget\" data-widget_type=\"premium-addon-title.default\">\n\t\t\t\t<div class=\"elementor-widget-container\">\n\t\t\t\r\n\t\t<div class=\"premium-title-container style1\">\r\n\t\t\t<h3 class=\"premium-title-header premium-title-style1\">\r\n\t\t\t\t\r\n\t\t\t\t\r\n\t\t\t\t\t\t\t\t\t\t\t\t<span class=\"premium-title-text\" >\r\n\t\t\t\t\tConstruction de centres emplisseurs de gaz butane\t\t\t\t<\/span>\r\n\t\t\t\t\t\r\n\t\t\t\t\t\t\t\t\t\t\t<\/h3>\r\n\t\t<\/div>\r\n\r\n\t\t\t\t<\/div>\n\t\t\t\t<\/div>\n\t\t\t\t\t<\/div>\n\t\t<\/div>\n\t\t\t\t\t<\/div>\n\t\t<\/section>\n\t\t\t\t<section class=\"elementor-section elementor-inner-section elementor-element elementor-element-da79cc7 elementor-section-boxed elementor-section-height-default elementor-section-height-default elementor-invisible\" data-id=\"da79cc7\" data-element_type=\"section\" data-settings=\"{&quot;animation&quot;:&quot;fadeInUp&quot;}\">\n\t\t\t\t\t\t<div class=\"elementor-container elementor-column-gap-default\">\n\t\t\t\t\t<div class=\"elementor-column elementor-col-50 elementor-inner-column elementor-element elementor-element-bd4c009\" data-id=\"bd4c009\" data-element_type=\"column\">\n\t\t\t<div class=\"elementor-widget-wrap elementor-element-populated\">\n\t\t\t\t\t\t<div class=\"elementor-element elementor-element-371688d premium-title-color elementor-widget elementor-widget-premium-addon-title\" data-id=\"371688d\" data-element_type=\"widget\" data-widget_type=\"premium-addon-title.default\">\n\t\t\t\t<div class=\"elementor-widget-container\">\n\t\t\t\r\n\t\t<div class=\"premium-title-container style1\">\r\n\t\t\t<h3 class=\"premium-title-header premium-title-style1\">\r\n\t\t\t\t\r\n\t\t\t\t\r\n\t\t\t\t\t\t\t\t\t\t\t\t<span class=\"premium-title-text\" >\r\n\t\t\t\t\tLa construction de d\u00e9p\u00f4ts, sph\u00e8res et r\u00e9servoirs de produits p\u00e9troliers.\t\t\t\t<\/span>\r\n\t\t\t\t\t\r\n\t\t\t\t\t\t\t\t\t\t\t<\/h3>\r\n\t\t<\/div>\r\n\r\n\t\t\t\t<\/div>\n\t\t\t\t<\/div>\n\t\t\t\t\t<\/div>\n\t\t<\/div>\n\t\t\t\t<div class=\"elementor-column elementor-col-50 elementor-inner-column elementor-element elementor-element-9ed4750\" data-id=\"9ed4750\" data-element_type=\"column\">\n\t\t\t<div class=\"elementor-widget-wrap elementor-element-populated\">\n\t\t\t\t\t\t<div class=\"elementor-element elementor-element-c84314a premium-title-color elementor-widget elementor-widget-premium-addon-title\" data-id=\"c84314a\" data-element_type=\"widget\" data-widget_type=\"premium-addon-title.default\">\n\t\t\t\t<div class=\"elementor-widget-container\">\n\t\t\t\r\n\t\t<div class=\"premium-title-container style1\">\r\n\t\t\t<h2 class=\"premium-title-header premium-title-style1\">\r\n\t\t\t\t\r\n\t\t\t\t\r\n\t\t\t\t\t\t\t\t\t\t\t\t<span class=\"premium-title-text\" >\r\n\t\t\t\t\tLa construction de pipeline pour fournir les zones industrielles en gaz naturel.\t\t\t\t<\/span>\r\n\t\t\t\t\t\r\n\t\t\t\t\t\t\t\t\t\t\t<\/h2>\r\n\t\t<\/div>\r\n\r\n\t\t\t\t<\/div>\n\t\t\t\t<\/div>\n\t\t\t\t\t<\/div>\n\t\t<\/div>\n\t\t\t\t\t<\/div>\n\t\t<\/section>\n\t\t\t\t\t<\/div>\n\t\t<\/div>\n\t\t\t\t\t<\/div>\n\t\t<\/section>\n\t\t\t\t<section class=\"elementor-section elementor-top-section elementor-element elementor-element-03a4425 elementor-section-boxed elementor-section-height-default elementor-section-height-default\" data-id=\"03a4425\" data-element_type=\"section\">\n\t\t\t\t\t\t<div class=\"elementor-container elementor-column-gap-default\">\n\t\t\t\t\t<div class=\"elementor-column elementor-col-100 elementor-top-column elementor-element elementor-element-55b33de\" data-id=\"55b33de\" data-element_type=\"column\">\n\t\t\t<div class=\"elementor-widget-wrap elementor-element-populated\">\n\t\t\t\t\t\t<div class=\"elementor-element elementor-element-766fec0 elementor-widget elementor-widget-heading\" data-id=\"766fec0\" data-element_type=\"widget\" data-widget_type=\"heading.default\">\n\t\t\t\t<div class=\"elementor-widget-container\">\n\t\t\t<h2 class=\"elementor-heading-title elementor-size-default\">L\u2019or<\/h2>\t\t<\/div>\n\t\t\t\t<\/div>\n\t\t\t\t\t<\/div>\n\t\t<\/div>\n\t\t\t\t\t<\/div>\n\t\t<\/section>\n\t\t\t\t<section class=\"elementor-section elementor-top-section elementor-element elementor-element-1303192 elementor-section-boxed elementor-section-height-default elementor-section-height-default\" data-id=\"1303192\" data-element_type=\"section\">\n\t\t\t\t\t\t<div class=\"elementor-container elementor-column-gap-default\">\n\t\t\t\t\t<div class=\"elementor-column elementor-col-100 elementor-top-column elementor-element elementor-element-8fc69ff\" data-id=\"8fc69ff\" data-element_type=\"column\">\n\t\t\t<div class=\"elementor-widget-wrap elementor-element-populated\">\n\t\t\t\t\t\t<section class=\"elementor-section elementor-inner-section elementor-element elementor-element-88dda62 elementor-section-content-bottom elementor-section-boxed elementor-section-height-default elementor-section-height-default\" data-id=\"88dda62\" data-element_type=\"section\">\n\t\t\t\t\t\t<div class=\"elementor-container elementor-column-gap-default\">\n\t\t\t\t\t<div class=\"elementor-column elementor-col-50 elementor-inner-column elementor-element elementor-element-66a45ab\" data-id=\"66a45ab\" data-element_type=\"column\">\n\t\t\t<div class=\"elementor-widget-wrap elementor-element-populated\">\n\t\t\t\t\t\t<div class=\"elementor-element elementor-element-1b0e1ba elementor-widget elementor-widget-text-editor\" data-id=\"1b0e1ba\" data-element_type=\"widget\" data-widget_type=\"text-editor.default\">\n\t\t\t\t<div class=\"elementor-widget-container\">\n\t\t\t\t\t\t\t<p>Le secteur minier a v\u00e9ritablement pris son envol avec l'av\u00e8nement du Pr\u00e9sident de la R\u00e9publique Alassane Ouattara. Pour le d\u00e9veloppement de ce secteur, il a remani\u00e9 Le Code minier pour le rendre plus attractif aupr\u00e8s des investisseurs \u00e9trangers. La C\u00f4te d'Ivoire poss\u00e8de du diamant, du fer, du nickel, du mangan\u00e8se, de la bauxite et du cuivre.<\/p><p>A jour, des soci\u00e9t\u00e9s \u00e9trang\u00e8res exploitent l'or ivoirien dans sept mines, et celle-ci sont en phase de construire deux nouveaux sites d\u2019exploitations.<\/p>\t\t\t\t\t\t<\/div>\n\t\t\t\t<\/div>\n\t\t\t\t\t<\/div>\n\t\t<\/div>\n\t\t\t\t<div class=\"elementor-column elementor-col-50 elementor-inner-column elementor-element elementor-element-53cb635\" data-id=\"53cb635\" data-element_type=\"column\">\n\t\t\t<div class=\"elementor-widget-wrap elementor-element-populated\">\n\t\t\t\t\t\t<div class=\"elementor-element elementor-element-e07844d elementor-widget elementor-widget-text-editor\" data-id=\"e07844d\" data-element_type=\"widget\" data-widget_type=\"text-editor.default\">\n\t\t\t\t<div class=\"elementor-widget-container\">\n\t\t\t\t\t\t\t<p>D\u00e9sormais la production d'or est en constante augmentation et su g\u00e9n\u00e9rer 140,585 milliards de francs CFA de recette fiscale en 2021.<\/p><p>La C\u00f4te d\u2019Ivoire s\u2019est lanc\u00e9 le d\u00e9fi de d\u00e9velopper son secteur minier et de porter la part de cette\nindustrie dans le PIB \u00e0 6 % \u00e0 l\u2019horizon 2025.<\/p>\t\t\t\t\t\t<\/div>\n\t\t\t\t<\/div>\n\t\t\t\t\t<\/div>\n\t\t<\/div>\n\t\t\t\t\t<\/div>\n\t\t<\/section>\n\t\t\t\t\t<\/div>\n\t\t<\/div>\n\t\t\t\t\t<\/div>\n\t\t<\/section>\n\t\t\t\t<\/div>","protected":false},"excerpt":{"rendered":"<p>In 2016, C\u00f4te d\u2019Ivoire has produced 15,425,895 barrels, representing an average daily production of 42,147 barrels per day. In 2019, oil production increased by 12% to reach 36,000 barrels per day. In 2021, oil production, which declined by 16% following the COVID-19 pandemic, stood at 24,000barrels per day. To stimulate its oil production, C\u00f4te d&#8217;Ivoire [&hellip;]<\/p>","protected":false},"author":1,"featured_media":0,"parent":0,"menu_order":0,"comment_status":"closed","ping_status":"closed","template":"","meta":{"footnotes":""},"_links":{"self":[{"href":"https:\/\/www.speciamerica.org\/fr\/wp-json\/wp\/v2\/pages\/65"}],"collection":[{"href":"https:\/\/www.speciamerica.org\/fr\/wp-json\/wp\/v2\/pages"}],"about":[{"href":"https:\/\/www.speciamerica.org\/fr\/wp-json\/wp\/v2\/types\/page"}],"author":[{"embeddable":true,"href":"https:\/\/www.speciamerica.org\/fr\/wp-json\/wp\/v2\/users\/1"}],"replies":[{"embeddable":true,"href":"https:\/\/www.speciamerica.org\/fr\/wp-json\/wp\/v2\/comments?post=65"}],"version-history":[{"count":13,"href":"https:\/\/www.speciamerica.org\/fr\/wp-json\/wp\/v2\/pages\/65\/revisions"}],"predecessor-version":[{"id":803,"href":"https:\/\/www.speciamerica.org\/fr\/wp-json\/wp\/v2\/pages\/65\/revisions\/803"}],"wp:attachment":[{"href":"https:\/\/www.speciamerica.org\/fr\/wp-json\/wp\/v2\/media?parent=65"}],"curies":[{"name":"wp","href":"https:\/\/api.w.org\/{rel}","templated":true}]}}